

{"id":1044,"date":"2016-04-11T08:00:27","date_gmt":"2016-04-11T07:00:27","guid":{"rendered":"https:\/\/creche-academie.com\/?page_id=1044"},"modified":"2016-04-11T08:42:44","modified_gmt":"2016-04-11T07:42:44","slug":"mentions-legales","status":"publish","type":"page","link":"https:\/\/creche-academie.com\/index.php\/mentions-legales\/","title":{"rendered":"Mentions l\u00e9gales"},"content":{"rendered":"<section id=\"blog-page-title\" class=\"\">\n<div class=\"container\">\n<div class=\"row text-center\">\n<div class=\"col-lg-12 section-title wow flipInX animated\">\n<h1><strong>Mentions l\u00e9gales <\/strong><\/h1>\n<\/div>\n<\/div>\n<\/div>\n<\/section>\n<section class=\"section-single no-title current\">\n<div class=\"container\">\n<div class=\"row\">\n<div class=\"single-post-wrapper clearfix col-lg-12 col-md-12\">\n<div class=\"col-md-12 \">\n<h4>I. Pr\u00e9sentation de notre site web<\/h4>\n<p>Conform\u00e9ment \u00e0 la loi n\u00b0 2004-2005 du 21 juin 2004 pour la confiance dans l\u2019\u00e9conomie num\u00e9rique, notre site web cr\u00e9\u00e9 par <a href=\"http:\/\/www.graffikweb.com\">Graffikweb<\/a>, cr\u00e9ateur du site Graffikweb, met \u00e0 disposition du public les informations concernant notre entreprise.<br \/>\nEventuellement modifiables, nous vous invitons donc \u00e0 consulter nos mentions l\u00e9gales le plus souvent possible, de mani\u00e8re \u00e0 en prendre connaissance fr\u00e9quemment<br \/>\nLe site <a href=\"https:\/\/creche-academie.com\">www.creche-academie.com<\/a> appartient \u00e0 Cr\u00e8che Acad\u00e9mie (associations \u00ab\u00a0La Maison des enfants\u00a0\u00bb, \u00ab\u00a0La plaine des anges\u00a0\u00bb et \u00ab\u00a0Lilipuce\u00a0\u00bb ) dont les si\u00e8ges sociaux sont au 129 Avenue de la Plaine \u2013 06250 Mougins et au 3 rue Honor\u00e9 Esacrras \u2013 06400 Cannes<\/p>\n<div class=\"\" dir=\"ltr\">\n<div class=\"ecxgmail_extra\">Personne morale, Cr\u00e8che Acad\u00e9mie est responsable de la publication, dont l\u2019adresse e-mail est la suivante : <span class=\"\" dir=\"ltr\"><a class=\"\" href=\"m&#97;&#x69;&#x6c;to&#x3a;&#x63;re&#99;&#x68;&#x65;s&#108;&#x61;&#x70;la&#x69;&#x6e;e&#64;&#103;&#x6d;&#x61;i&#108;&#x2e;&#x63;om\" target=\"_blank\">crecheslaplai&#110;&#101;&#64;&#103;&#109;&#x61;&#x69;&#x6c;&#x2e;&#x63;&#x6f;&#x6d;<\/a><\/span><\/div>\n<\/div>\n<p>Le webmaster, St\u00e9phanie Soutif, est responsable de l\u2019administration du site, dont l\u2019adresse e-mail est la suivante : &#x63;&#111;n&#x74;&#x61;ct&#x40;&#x67;ra&#x66;&#102;i&#x6b;&#x77;&#101;b&#x2e;&#x63;om<br \/>\nLe site <a href=\"https:\/\/creche-academie.com\">www.creche-academie.com<\/a> est h\u00e9berg\u00e9 par OVH Si\u00e8ge social : 2 rue Kellermann \u2013 59100 Roubaix \u2013 France<\/p>\n<h4>II. Conditions g\u00e9n\u00e9rales d\u2019utilisation du site et des services propos\u00e9s.<\/h4>\n<p>En utilisant notre site web <a href=\"https:\/\/creche-academie.com\">www.creche-academie.com<\/a>, vous acceptez pleinement et enti\u00e8rement les conditions g\u00e9n\u00e9rales d\u2019utilisation pr\u00e9cis\u00e9es dans nos mentions l\u00e9gales. Accessible \u00e0 tout type de visiteurs, il est important de pr\u00e9ciser toutefois qu\u2019une interruption pour maintenance du site web peut-\u00eatre d\u00e9cid\u00e9e par Graffikweb. Les dates et heures d\u2019interruptions seront n\u00e9anmoins pr\u00e9cis\u00e9es \u00e0 l\u2019avance aux utilisateurs.<\/p>\n<h4>III. Les produits ou services propos\u00e9s par <a href=\"https:\/\/creche-academie.com\">www.creche-academie.com<\/a><\/h4>\n<p>En accord avec sa politique de communication, le site\u00a0<a href=\"https:\/\/creche-academie.com\">www.creche-academie.com<\/a> a pour vocation d\u2019informer les utilisateurs sur les services propos\u00e9s par Cr\u00e8che Acad\u00e9mie, qui s\u2019efforce alors de fournir des informations pr\u00e9cises sur son activit\u00e9. Cependant, des inexactitudes ou des omissions peuvent exister : la soci\u00e9t\u00e9 ne pourra en aucun cas \u00eatre tenue pour responsable pour toute erreur pr\u00e9sente sur le site <a href=\"https:\/\/creche-academie.com\">www.creche-academie.com<\/a>.<\/p>\n<h4>IV. Limitations contractuelles<\/h4>\n<p>Les informations retranscrites sur notre site web <a href=\"https:\/\/creche-academie.com\">www.creche-academie.com<\/a> font l\u2019objet de d\u00e9marches qualitatives, en vue de nous assurer de leur fiabilit\u00e9. Cependant, nous ne pourrons encourir de responsabilit\u00e9s en cas d\u2019inexactitudes techniques lors de nos explications.<br \/>\nSi vous constatez une erreur concernant des informations que nous auront pu omettre, n\u2019h\u00e9sitez pas \u00e0 nous le signaler par mail \u00e0 <span class=\"\" dir=\"ltr\"><a class=\"\" href=\"&#109;a&#105;l&#116;o&#x3a;c&#x72;e&#x63;h&#x65;s&#x6c;a&#x70;l&#x61;i&#x6e;e&#x40;g&#x6d;a&#x69;l&#x2e;c&#x6f;m\" target=\"_blank\">cre&#99;&#104;&#x65;&#x73;&#x6c;&#x61;&#x70;lai&#110;&#101;&#x40;&#x67;&#x6d;&#x61;&#x69;l.c&#111;&#109;<\/a><\/span>.<br \/>\nLes liens reli\u00e9s directement ou indirectement \u00e0 notre site web <a href=\"https:\/\/creche-academie.com\">www.creche-academie.com<\/a> ne sont pas sous le contr\u00f4le de notre soci\u00e9t\u00e9. Par cons\u00e9quent, nous ne pouvons nous assurer de l\u2019exactitude des informations pr\u00e9sentes sur ces autres sites Internet.<br \/>\nUtilisant la technologie JavaScript, le site <a href=\"https:\/\/creche-academie.com\">www.creche-academie.com<\/a> ne pourra \u00eatre tenu pour responsable en cas de dommages mat\u00e9riels li\u00e9s \u00e0 son utilisation. Par ailleurs, toute autre type de cons\u00e9quence li\u00e9e \u00e0 l\u2019exploitation du site <a href=\"https:\/\/creche-academie.com\">www.creche-academie.com<\/a>, qu\u2019elle soit direct ou indirect (bug, incompatibilit\u00e9, virus, perte de march\u00e9, etc.).<\/p>\n<h4>V. Propri\u00e9t\u00e9 intellectuelle et contenu du site Internet<\/h4>\n<p>Le contenu r\u00e9dactionnel du site web <a href=\"https:\/\/creche-academie.com\">www.creche-academie.com<\/a> appartient exclusivement \u00e0 Cr\u00e8che Acad\u00e9mie. Toute violation des droits d\u2019auteur est sanctionn\u00e9e par l\u2019article L.335-2 du Code de la Propri\u00e9t\u00e9 Intellectuelle, avec une peine encourue de 2 ans d\u2019emprisonnement et de 150 000\u20ac d\u2019amende<br \/>\nLe site <a href=\"https:\/\/creche-academie.com\">www.creche-academie.com<\/a> ne pourra \u00eatre mis en cause en cas de propos injurieux, \u00e0 caract\u00e8re raciste, diffamant ou pornographique, \u00e9chang\u00e9s sur les espaces interactifs. La soci\u00e9t\u00e9 se r\u00e9serve \u00e9galement le droit de supprimer tout contenu contraire aux valeurs de l\u2019entreprise ou \u00e0 la l\u00e9gislation applicable en France.<br \/>\nEn naviguant sur le site <a href=\"https:\/\/creche-academie.com\">www.creche-academie.com<\/a>, l\u2019utilisateur accepte \u00e9galement l\u2019installation de cookies \u00e9ventuelle sur son ordinateur.<\/p>\n<p>&nbsp;<\/p>\n<h4>VII. Droit applicable et lois concern\u00e9es<\/h4>\n<p>Soumis au droit fran\u00e7ais, le site web\u00a0<a href=\"https:\/\/creche-academie.com\">www.creche-academie.com<\/a> est encadr\u00e9 par la loi n\u00b0 2004-2005 du 21 juin 2004 pour la confiance dans l\u2019\u00e9conomie num\u00e9rique, l\u2019article L.335-2 du Code de la Propri\u00e9t\u00e9 Intellectuelle et la loi \u00ab informatique et libert\u00e9s \u00bb du 6 janvier 1978 modifi\u00e9e en 2004.<\/p>\n<h4>VIII. Donn\u00e9es personnelles<\/h4>\n<p>Devant le d\u00e9veloppement des nouveaux outils de communication, il est n\u00e9cessaire de porter une attention particuli\u00e8re \u00e0 la protection de la vie priv\u00e9e. C\u2019est pourquoi, nous nous engageons \u00e0 respecter la confidentialit\u00e9 des renseignements personnels que nous collectons.<\/p>\n<h4>1. Collecte des renseignements personnels<\/h4>\n<p>Nous collectons les renseignements suivants :<br \/>\n-Nom<br \/>\n-Pr\u00e9nom<br \/>\n-T\u00e9l\u00e9phone<br \/>\n-Email<br \/>\n-Demande de pr\u00e9cision de cr\u00e8che<br \/>\n-Sujet<br \/>\n-Message<\/p>\n<p>Les renseignements personnels que nous collectons sont recueillis au travers de formulaires et gr\u00e2ce \u00e0 l\u2019interactivit\u00e9 \u00e9tablie entre vous et notre site Web. Nous utilisons \u00e9galement, comme indiqu\u00e9 dans la section suivante, des fichiers t\u00e9moins et\/ou journaux pour r\u00e9unir des informations vous concernant.<\/p>\n<h4>2. Formulaires et interactivit\u00e9<\/h4>\n<p>Vos renseignements personnels sont collect\u00e9s par le biais de formulaire, \u00e0 savoir :<br \/>\n-Formulaire de contact<\/p>\n<p>Nous utilisons les renseignements ainsi collect\u00e9s pour les finalit\u00e9s suivantes :<br \/>\n-Informations<br \/>\n-Contact<br \/>\n-Gestion des inscriptions en cr\u00e8che<\/p>\n<p>Vos renseignements sont \u00e9galement collect\u00e9s par le biais de l\u2019interactivit\u00e9 pouvant s\u2019\u00e9tablir entre vous et notre site Web et ce, de la fa\u00e7on suivante:<br \/>\n-Contact<br \/>\n-Gestion des inscriptions en cr\u00e8che<\/p>\n<p>Nous utilisons les renseignements ainsi collect\u00e9s pour les finalit\u00e9s suivantes :<br \/>\n-Contact<br \/>\n-Gestion des inscriptions en cr\u00e8che<\/p>\n<h4>3. Droit d\u2019opposition et de retrait<\/h4>\n<p>Nous nous engageons \u00e0 vous offrir un droit d\u2019opposition et de retrait quant \u00e0 vos renseignements personnels.<br \/>\nLe droit d\u2019opposition s\u2019entend comme \u00e9tant la possibilit\u00e9 offerte aux internautes de refuser que leurs renseignements personnels soient utilis\u00e9es \u00e0 certaines fins mentionn\u00e9es lors de la collecte.<\/p>\n<p>Le droit de retrait s\u2019entend comme \u00e9tant la possibilit\u00e9 offerte aux internautes de demander \u00e0 ce que leurs renseignements personnels ne figurent plus, par exemple, dans une liste de diffusion.<\/p>\n<p>Pour pouvoir exercer ces droits, vous pouvez par :<br \/>\n-Code postal : 129 Avenue de la Plaine, Mougins 06250<br \/>\n-Courriel : <span class=\"\" dir=\"ltr\"><a class=\"\" href=\"&#x6d;&#x61;&#x69;&#x6c;&#x74;&#x6f;&#x3a;&#x63;&#x72;&#x65;&#x63;&#x68;&#x65;&#x73;&#x6c;&#x61;&#x70;&#x6c;&#x61;&#x69;&#x6e;&#x65;&#x40;&#x67;&#x6d;&#x61;&#x69;&#x6c;&#x2e;&#x63;&#x6f;&#x6d;\" target=\"_blank\">&#x63;&#114;ec&#x68;&#x65;sl&#x61;&#x70;&#108;ai&#x6e;&#101;&#64;g&#x6d;&#x61;&#105;l&#x2e;&#x63;&#111;m<\/a><\/span><br \/>\n-T\u00e9l\u00e9phone : +33 4 93 06 08 20<br \/>\n-Section du site web : http:\/\/<a href=\"https:\/\/creche-academie.com\">www.creche-academie.com<\/a>\/#contact<\/p>\n<h4>4. Droit d\u2019acc\u00e8s<\/h4>\n<p>Nous nous engageons \u00e0 reconna\u00eetre un droit d\u2019acc\u00e8s et de rectification aux personnes concern\u00e9es d\u00e9sireuses de consulter, modifier, voire radier les informations les concernant.<\/p>\n<p>L\u2019exercice de ce droit se fera par :<br \/>\n-Code postal : 129 Avenue de la Plaine, Mougins 06250<br \/>\n-Courriel : <span class=\"\" dir=\"ltr\"><a class=\"\" href=\"&#x6d;&#x61;&#105;lt&#x6f;&#x3a;&#99;re&#x63;&#x68;&#101;sl&#x61;&#x70;&#x6c;ain&#x65;&#x40;&#103;ma&#x69;&#x6c;&#46;co&#x6d;\" target=\"_blank\">&#x63;r&#x65;c&#x68;e&#x73;&#108;a&#x70;l&#x61;i&#x6e;&#101;&#x40;&#103;m&#x61;i&#x6c;.&#x63;&#111;&#x6d;<\/a><\/span><br \/>\n-T\u00e9l\u00e9phone : +33 4 93 06 08 20<br \/>\n-Section du site web : http:\/\/<a href=\"https:\/\/creche-academie.com\">www.creche-academie.com<\/a>\/#contact<\/p>\n<h4>6. S\u00e9curit\u00e9<\/h4>\n<p>Les renseignements personnels que nous collectons sont conserv\u00e9s dans un environnement s\u00e9curis\u00e9. Les personnes travaillant pour nous sont tenues de respecter la confidentialit\u00e9 de vos informations.<\/p>\n<p>Pour assurer la s\u00e9curit\u00e9 de vos renseignements personnels, nous avons recours aux mesures suivantes :<br \/>\n-Gestion des acc\u00e8s \u2013 personne autoris\u00e9e<br \/>\n-Gestion des acc\u00e8s \u2013 personne concern\u00e9e<br \/>\n-Sauvegarde informatique<br \/>\n-Identifiant \/ mot de passe<br \/>\n-Pare-feu (Firewalls)<\/p>\n<p>Nous nous engageons \u00e0 maintenir un haut degr\u00e9 de confidentialit\u00e9 en int\u00e9grant les derni\u00e8res innovations technologiques permettant d\u2019assurer la confidentialit\u00e9 de vos transactions. Toutefois, comme aucun m\u00e9canisme n\u2019offre une s\u00e9curit\u00e9 maximale, une part de risque est toujours pr\u00e9sente lorsque l\u2019on utilise Internet pour transmettre des renseignements personnels.<\/p>\n<\/div>\n<\/div>\n<\/div>\n<\/div>\n<\/section>\n","protected":false},"excerpt":{"rendered":"<p>Mentions l\u00e9gales I. Pr\u00e9sentation de notre site web Conform\u00e9ment \u00e0 la loi n\u00b0 2004-2005 du 21 juin 2004 pour la confiance dans l\u2019\u00e9conomie num\u00e9rique, notre site web cr\u00e9\u00e9 par Graffikweb, cr\u00e9ateur du site Graffikweb, met \u00e0 disposition du public les informations concernant notre entreprise. Eventuellement modifiables, nous vous invitons donc \u00e0 consulter nos mentions l\u00e9gales [&hellip;]<\/p>\n","protected":false},"author":3,"featured_media":0,"parent":0,"menu_order":0,"comment_status":"closed","ping_status":"closed","template":"","meta":[],"_links":{"self":[{"href":"https:\/\/creche-academie.com\/index.php\/wp-json\/wp\/v2\/pages\/1044"}],"collection":[{"href":"https:\/\/creche-academie.com\/index.php\/wp-json\/wp\/v2\/pages"}],"about":[{"href":"https:\/\/creche-academie.com\/index.php\/wp-json\/wp\/v2\/types\/page"}],"author":[{"embeddable":true,"href":"https:\/\/creche-academie.com\/index.php\/wp-json\/wp\/v2\/users\/3"}],"replies":[{"embeddable":true,"href":"https:\/\/creche-academie.com\/index.php\/wp-json\/wp\/v2\/comments?post=1044"}],"version-history":[{"count":0,"href":"https:\/\/creche-academie.com\/index.php\/wp-json\/wp\/v2\/pages\/1044\/revisions"}],"wp:attachment":[{"href":"https:\/\/creche-academie.com\/index.php\/wp-json\/wp\/v2\/media?parent=1044"}],"curies":[{"name":"wp","href":"https:\/\/api.w.org\/{rel}","templated":true}]}}